{"id":856,"date":"2025-02-17T14:57:57","date_gmt":"2025-02-17T14:57:57","guid":{"rendered":"https:\/\/finovate.vamtam.com\/?page_id=856"},"modified":"2026-02-05T10:50:14","modified_gmt":"2026-02-05T13:50:14","slug":"noticias","status":"publish","type":"page","link":"https:\/\/waterpro.com.br\/index.php\/noticias\/","title":{"rendered":"Not\u00edcias"},"content":{"rendered":"\t\t<div data-elementor-type=\"wp-page\" data-elementor-id=\"856\" class=\"elementor elementor-856\" data-elementor-post-type=\"page\">\n\t\t\t\t<div class=\"elementor-element elementor-element-57b0968 e-flex e-con-boxed e-con e-parent\" data-id=\"57b0968\" data-element_type=\"container\" data-e-type=\"container\" data-settings=\"{&quot;background_background&quot;:&quot;gradient&quot;}\">\n\t\t\t\t\t<div class=\"e-con-inner\">\n\t\t\t\t<div class=\"elementor-element elementor-element-18fd956 elementor-widget__width-auto animated-fast elementor-invisible elementor-widget elementor-widget-heading\" data-id=\"18fd956\" data-element_type=\"widget\" data-e-type=\"widget\" data-settings=\"{&quot;_animation&quot;:&quot;fadeIn&quot;,&quot;_animation_delay&quot;:50}\" data-widget_type=\"heading.default\">\n\t\t\t\t<div class=\"elementor-widget-container\">\n\t\t\t\t\t<div class=\"elementor-heading-title elementor-size-default\">Not\u00edcias<\/div>\t\t\t\t<\/div>\n\t\t\t\t<\/div>\n\t\t\t\t<div class=\"elementor-element elementor-element-f347297 animated-fast elementor-invisible elementor-widget elementor-widget-heading\" data-id=\"f347297\" data-element_type=\"widget\" data-e-type=\"widget\" data-settings=\"{&quot;_animation&quot;:&quot;fadeIn&quot;}\" data-widget_type=\"heading.default\">\n\t\t\t\t<div class=\"elementor-widget-container\">\n\t\t\t\t\t<h2 class=\"elementor-heading-title elementor-size-default\">Fique por <span class=\"color-accent-4\">dentro<\/span><\/h2>\t\t\t\t<\/div>\n\t\t\t\t<\/div>\n\t\t\t\t<div class=\"elementor-element elementor-element-5b89156 elementor-widget elementor-widget-heading\" data-id=\"5b89156\" data-element_type=\"widget\" data-e-type=\"widget\" data-widget_type=\"heading.default\">\n\t\t\t\t<div class=\"elementor-widget-container\">\n\t\t\t\t\t<p class=\"elementor-heading-title elementor-size-default\">Acompanhe as not\u00edcias do setor e aprenda mais sobre economia de \u00e1gua e muito mais<\/p>\t\t\t\t<\/div>\n\t\t\t\t<\/div>\n\t\t\t\t\t<\/div>\n\t\t\t\t<\/div>\n\t\t<div class=\"elementor-element elementor-element-dcd366c e-flex e-con-boxed e-con e-parent\" data-id=\"dcd366c\" data-element_type=\"container\" data-e-type=\"container\">\n\t\t\t\t\t<div class=\"e-con-inner\">\n\t\t\t\t<div class=\"elementor-element elementor-element-a0aa07a elementor-grid-tablet-2 elementor-grid-3 animated-fast elementor-grid-mobile-1 elementor-invisible elementor-widget elementor-widget-loop-grid\" data-id=\"a0aa07a\" data-element_type=\"widget\" data-e-type=\"widget\" data-settings=\"{&quot;template_id&quot;:&quot;2621&quot;,&quot;row_gap&quot;:{&quot;unit&quot;:&quot;px&quot;,&quot;size&quot;:20,&quot;sizes&quot;:[]},&quot;columns_tablet&quot;:2,&quot;columns&quot;:3,&quot;_animation&quot;:&quot;fadeIn&quot;,&quot;pagination_type&quot;:&quot;load_more_on_click&quot;,&quot;_skin&quot;:&quot;post&quot;,&quot;columns_mobile&quot;:&quot;1&quot;,&quot;edit_handle_selector&quot;:&quot;[data-elementor-type=\\&quot;loop-item\\&quot;]&quot;,&quot;load_more_spinner&quot;:{&quot;value&quot;:&quot;fas fa-spinner&quot;,&quot;library&quot;:&quot;fa-solid&quot;},&quot;row_gap_tablet&quot;:{&quot;unit&quot;:&quot;px&quot;,&quot;size&quot;:&quot;&quot;,&quot;sizes&quot;:[]},&quot;row_gap_mobile&quot;:{&quot;unit&quot;:&quot;px&quot;,&quot;size&quot;:&quot;&quot;,&quot;sizes&quot;:[]}}\" data-widget_type=\"loop-grid.post\">\n\t\t\t\t<div class=\"elementor-widget-container\">\n\t\t\t\t\t\t\t<div class=\"elementor-loop-container elementor-grid\" role=\"list\">\n\t\t<style id=\"loop-dynamic-2621\">.e-loop-item-2727 .elementor-element.elementor-element-1004e19:not(.elementor-motion-effects-element-type-background), .e-loop-item-2727 .elementor-element.elementor-element-1004e19 > .elementor-motion-effects-container > .elementor-motion-effects-layer{background-image:url(\"https:\/\/waterpro.com.br\/wp-content\/uploads\/2025\/09\/not-retrofit.webp\");}<\/style><style id=\"loop-2621\">.elementor-2621 .elementor-element.elementor-element-0fc0358{--display:flex;--flex-direction:column;--container-widget-width:100%;--container-widget-height:initial;--container-widget-flex-grow:0;--container-widget-align-self:initial;--flex-wrap-mobile:wrap;--justify-content:space-between;--gap:30px 30px;--row-gap:30px;--column-gap:30px;--background-transition:0.3s;--border-radius:24px 24px 24px 24px;--padding-top:20px;--padding-bottom:20px;--padding-left:20px;--padding-right:20px;}.elementor-2621 .elementor-element.elementor-element-0fc0358:not(.elementor-motion-effects-element-type-background), .elementor-2621 .elementor-element.elementor-element-0fc0358 > .elementor-motion-effects-container > .elementor-motion-effects-layer{background-color:var( --e-global-color-vamtam_accent_5 );}.elementor-2621 .elementor-element.elementor-element-0fc0358:hover{background-color:var( --e-global-color-vamtam_accent_2 );}.elementor-2621 .elementor-element.elementor-element-85d77b4{--display:flex;--gap:10px 10px;--row-gap:10px;--column-gap:10px;--padding-top:0px;--padding-bottom:0px;--padding-left:0px;--padding-right:0px;}.elementor-2621 .elementor-element.elementor-element-1004e19{--display:flex;--min-height:290px;--border-radius:16px 16px 16px 16px;--padding-top:0px;--padding-bottom:0px;--padding-left:0px;--padding-right:0px;}.elementor-2621 .elementor-element.elementor-element-1004e19:not(.elementor-motion-effects-element-type-background), .elementor-2621 .elementor-element.elementor-element-1004e19 > .elementor-motion-effects-container > .elementor-motion-effects-layer{background-color:var( --e-global-color-vamtam_accent_3 );background-position:center center;background-repeat:no-repeat;background-size:cover;}.elementor-2621 .elementor-element.elementor-element-cf779c7 .elementor-icon-list-icon{width:14px;}.elementor-2621 .elementor-element.elementor-element-cf779c7 .elementor-icon-list-icon i{font-size:14px;}.elementor-2621 .elementor-element.elementor-element-cf779c7 .elementor-icon-list-icon svg{--e-icon-list-icon-size:14px;}.elementor-2621 .elementor-element.elementor-element-cf779c7 .elementor-icon-list-text, .elementor-2621 .elementor-element.elementor-element-cf779c7 .elementor-icon-list-text a{color:var( --e-global-color-vamtam_accent_1 );}.elementor-2621 .elementor-element.elementor-element-cf779c7 .elementor-icon-list-item{font-family:var( --e-global-typography-8f4394f-font-family ), Sans-serif;font-size:var( --e-global-typography-8f4394f-font-size );font-weight:var( --e-global-typography-8f4394f-font-weight );text-transform:var( --e-global-typography-8f4394f-text-transform );font-style:var( --e-global-typography-8f4394f-font-style );text-decoration:var( --e-global-typography-8f4394f-text-decoration );line-height:var( --e-global-typography-8f4394f-line-height );letter-spacing:var( --e-global-typography-8f4394f-letter-spacing );word-spacing:var( --e-global-typography-8f4394f-word-spacing );}.elementor-2621 .elementor-element.elementor-element-cf779c7 > .elementor-widget-container{margin:5px 0px -2px 0px;}.elementor-2621 .elementor-element.elementor-element-118065b > .elementor-widget-container{margin:0px 20px 0px 0px;}.elementor-2621 .elementor-element.elementor-element-1f51abc{--display:flex;--flex-direction:row;--container-widget-width:initial;--container-widget-height:100%;--container-widget-flex-grow:1;--container-widget-align-self:stretch;--flex-wrap-mobile:wrap;--justify-content:flex-end;--padding-top:0px;--padding-bottom:0px;--padding-left:0px;--padding-right:0px;}.elementor-2621 .elementor-element.elementor-global-3518.elementor-view-stacked .elementor-icon{background-color:var( --e-global-color-vamtam_accent_3 );color:var( --e-global-color-vamtam_accent_1 );}.elementor-2621 .elementor-element.elementor-global-3518.elementor-view-framed .elementor-icon, .elementor-2621 .elementor-element.elementor-global-3518.elementor-view-default .elementor-icon{color:var( --e-global-color-vamtam_accent_3 );border-color:var( --e-global-color-vamtam_accent_3 );}.elementor-2621 .elementor-element.elementor-global-3518.elementor-view-framed .elementor-icon, .elementor-2621 .elementor-element.elementor-global-3518.elementor-view-default .elementor-icon svg{fill:var( --e-global-color-vamtam_accent_3 );}.elementor-2621 .elementor-element.elementor-global-3518.elementor-view-framed .elementor-icon{background-color:var( --e-global-color-vamtam_accent_1 );}.elementor-2621 .elementor-element.elementor-global-3518.elementor-view-stacked .elementor-icon svg{fill:var( --e-global-color-vamtam_accent_1 );}.elementor-2621 .elementor-element.elementor-global-3518.elementor-view-stacked .elementor-icon:hover{background-color:var( --e-global-color-vamtam_accent_1 );color:var( --e-global-color-vamtam_accent_2 );}.elementor-2621 .elementor-element.elementor-global-3518.elementor-view-framed .elementor-icon:hover, .elementor-2621 .elementor-element.elementor-global-3518.elementor-view-default .elementor-icon:hover{color:var( --e-global-color-vamtam_accent_1 );border-color:var( --e-global-color-vamtam_accent_1 );}.elementor-2621 .elementor-element.elementor-global-3518.elementor-view-framed .elementor-icon:hover, .elementor-2621 .elementor-element.elementor-global-3518.elementor-view-default .elementor-icon:hover svg{fill:var( --e-global-color-vamtam_accent_1 );}.elementor-2621 .elementor-element.elementor-global-3518.elementor-view-framed .elementor-icon:hover{background-color:var( --e-global-color-vamtam_accent_2 );}.elementor-2621 .elementor-element.elementor-global-3518.elementor-view-stacked .elementor-icon:hover svg{fill:var( --e-global-color-vamtam_accent_2 );}.elementor-2621 .elementor-element.elementor-global-3518 .elementor-icon{font-size:12px;padding:20px;}.elementor-2621 .elementor-element.elementor-global-3518 .elementor-icon svg{height:12px;}.elementor-2621 .elementor-element.elementor-global-3518 > .elementor-widget-container{margin:0px 0px -5px 0px;}@media(max-width:1024px){.elementor-2621 .elementor-element.elementor-element-cf779c7 .elementor-icon-list-item{font-size:var( --e-global-typography-8f4394f-font-size );line-height:var( --e-global-typography-8f4394f-line-height );letter-spacing:var( --e-global-typography-8f4394f-letter-spacing );word-spacing:var( --e-global-typography-8f4394f-word-spacing );}.elementor-2621 .elementor-element.elementor-element-118065b > .elementor-widget-container{margin:0px 0px 0px 0px;}}@media(max-width:767px){.elementor-2621 .elementor-element.elementor-element-0fc0358{--gap:10px 10px;--row-gap:10px;--column-gap:10px;}.elementor-2621 .elementor-element.elementor-element-cf779c7 .elementor-icon-list-item{font-size:var( --e-global-typography-8f4394f-font-size );line-height:var( --e-global-typography-8f4394f-line-height );letter-spacing:var( --e-global-typography-8f4394f-letter-spacing );word-spacing:var( --e-global-typography-8f4394f-word-spacing );}}<\/style>\t\t<div data-elementor-type=\"loop-item\" data-elementor-id=\"2621\" class=\"elementor elementor-2621 e-loop-item e-loop-item-2727 post-2727 post type-post status-publish format-standard has-post-thumbnail hentry category-economia tag-economia tag-retrofit tag-sustentabilidade\" data-elementor-post-type=\"elementor_library\" data-custom-edit-handle=\"1\">\n\t\t\t<a class=\"elementor-element elementor-element-0fc0358 vamtam-icon-hover-parent e-flex e-con-boxed e-con e-parent\" data-id=\"0fc0358\" data-element_type=\"container\" data-e-type=\"container\" data-settings=\"{&quot;background_background&quot;:&quot;classic&quot;}\" href=\"https:\/\/waterpro.com.br\/index.php\/2025\/09\/23\/retrofit\/\">\n\t\t\t\t\t<div class=\"e-con-inner\">\n\t\t<div class=\"elementor-element elementor-element-85d77b4 e-con-full e-flex e-con e-child\" data-id=\"85d77b4\" data-element_type=\"container\" data-e-type=\"container\">\n\t\t<div class=\"elementor-element elementor-element-1004e19 e-con-full e-flex e-con e-child\" data-id=\"1004e19\" data-element_type=\"container\" data-e-type=\"container\" data-settings=\"{&quot;background_background&quot;:&quot;classic&quot;}\">\n\t\t\t\t<\/div>\n\t\t\t\t<div class=\"elementor-element elementor-element-cf779c7 elementor-widget elementor-widget-post-info\" data-id=\"cf779c7\" data-element_type=\"widget\" data-e-type=\"widget\" data-widget_type=\"post-info.default\">\n\t\t\t\t<div class=\"elementor-widget-container\">\n\t\t\t\t\t\t\t<ul class=\"elementor-inline-items elementor-icon-list-items elementor-post-info\">\n\t\t\t\t\t\t\t\t<li class=\"elementor-icon-list-item elementor-repeater-item-1524b1e elementor-inline-item\" itemprop=\"about\">\n\t\t\t\t\t\t\t\t\t\t\t\t\t<span class=\"elementor-icon-list-text elementor-post-info__item elementor-post-info__item--type-terms\">\n\t\t\t\t\t\t\t\t\t\t<span class=\"elementor-post-info__terms-list\">\n\t\t\t\t<span class=\"elementor-post-info__terms-list-item\">Economia<\/span>\t\t\t\t<\/span>\n\t\t\t\t\t<\/span>\n\t\t\t\t\t\t\t\t<\/li>\n\t\t\t\t<\/ul>\n\t\t\t\t\t\t<\/div>\n\t\t\t\t<\/div>\n\t\t\t\t<div class=\"elementor-element elementor-element-118065b elementor-widget elementor-widget-theme-post-title elementor-page-title elementor-widget-heading\" data-id=\"118065b\" data-element_type=\"widget\" data-e-type=\"widget\" data-widget_type=\"theme-post-title.default\">\n\t\t\t\t<div class=\"elementor-widget-container\">\n\t\t\t\t\t<h4 class=\"elementor-heading-title elementor-size-default\">Retrofit &#8211; O Re\u00faso de \u00c1gua como Caminho para Constru\u00e7\u00f5es Eficientes<\/h4>\t\t\t\t<\/div>\n\t\t\t\t<\/div>\n\t\t\t\t<\/div>\n\t\t<div class=\"elementor-element elementor-element-1f51abc e-con-full e-flex e-con e-child\" data-id=\"1f51abc\" data-element_type=\"container\" data-e-type=\"container\">\n\t\t\t\t<div class=\"elementor-element elementor-element-483de23 elementor-view-stacked animated-fast elementor-shape-circle elementor-invisible elementor-widget elementor-widget-global elementor-global-3518 elementor-widget-icon\" data-id=\"483de23\" data-element_type=\"widget\" data-e-type=\"widget\" data-settings=\"{&quot;_animation&quot;:&quot;zoomIn&quot;,&quot;_animation_delay&quot;:50}\" data-widget_type=\"icon.default\">\n\t\t\t\t<div class=\"elementor-widget-container\">\n\t\t\t\t\t\t\t<div class=\"elementor-icon-wrapper\">\n\t\t\t<div class=\"elementor-icon\">\n\t\t\t<i aria-hidden=\"true\" class=\"vamtamtheme- vamtam-theme-arrow-link-up\"><\/i>\t\t\t<\/div>\n\t\t<\/div>\n\t\t\t\t\t\t<\/div>\n\t\t\t\t<\/div>\n\t\t\t\t<\/div>\n\t\t\t\t\t<\/div>\n\t\t\t\t<\/a>\n\t\t\t\t<\/div>\n\t\t<style id=\"loop-dynamic-2621\">.e-loop-item-2733 .elementor-element.elementor-element-1004e19:not(.elementor-motion-effects-element-type-background), .e-loop-item-2733 .elementor-element.elementor-element-1004e19 > .elementor-motion-effects-container > .elementor-motion-effects-layer{background-image:url(\"https:\/\/waterpro.com.br\/wp-content\/uploads\/2025\/02\/not-individualizacao-agua.webp\");}<\/style>\t\t<div data-elementor-type=\"loop-item\" data-elementor-id=\"2621\" class=\"elementor elementor-2621 e-loop-item e-loop-item-2733 post-2733 post type-post status-publish format-standard has-post-thumbnail hentry category-agua-e-gas tag-condominio tag-economia tag-gas tag-individualizacao\" data-elementor-post-type=\"elementor_library\" data-custom-edit-handle=\"1\">\n\t\t\t<a class=\"elementor-element elementor-element-0fc0358 vamtam-icon-hover-parent e-flex e-con-boxed e-con e-parent\" data-id=\"0fc0358\" data-element_type=\"container\" data-e-type=\"container\" data-settings=\"{&quot;background_background&quot;:&quot;classic&quot;}\" href=\"https:\/\/waterpro.com.br\/index.php\/2025\/09\/20\/descubra-as-vantagens-da-individualizacao-de-agua-e-gas\/\">\n\t\t\t\t\t<div class=\"e-con-inner\">\n\t\t<div class=\"elementor-element elementor-element-85d77b4 e-con-full e-flex e-con e-child\" data-id=\"85d77b4\" data-element_type=\"container\" data-e-type=\"container\">\n\t\t<div class=\"elementor-element elementor-element-1004e19 e-con-full e-flex e-con e-child\" data-id=\"1004e19\" data-element_type=\"container\" data-e-type=\"container\" data-settings=\"{&quot;background_background&quot;:&quot;classic&quot;}\">\n\t\t\t\t<\/div>\n\t\t\t\t<div class=\"elementor-element elementor-element-cf779c7 elementor-widget elementor-widget-post-info\" data-id=\"cf779c7\" data-element_type=\"widget\" data-e-type=\"widget\" data-widget_type=\"post-info.default\">\n\t\t\t\t<div class=\"elementor-widget-container\">\n\t\t\t\t\t\t\t<ul class=\"elementor-inline-items elementor-icon-list-items elementor-post-info\">\n\t\t\t\t\t\t\t\t<li class=\"elementor-icon-list-item elementor-repeater-item-1524b1e elementor-inline-item\" itemprop=\"about\">\n\t\t\t\t\t\t\t\t\t\t\t\t\t<span class=\"elementor-icon-list-text elementor-post-info__item elementor-post-info__item--type-terms\">\n\t\t\t\t\t\t\t\t\t\t<span class=\"elementor-post-info__terms-list\">\n\t\t\t\t<span class=\"elementor-post-info__terms-list-item\">\u00c1gua e G\u00e1s<\/span>\t\t\t\t<\/span>\n\t\t\t\t\t<\/span>\n\t\t\t\t\t\t\t\t<\/li>\n\t\t\t\t<\/ul>\n\t\t\t\t\t\t<\/div>\n\t\t\t\t<\/div>\n\t\t\t\t<div class=\"elementor-element elementor-element-118065b elementor-widget elementor-widget-theme-post-title elementor-page-title elementor-widget-heading\" data-id=\"118065b\" data-element_type=\"widget\" data-e-type=\"widget\" data-widget_type=\"theme-post-title.default\">\n\t\t\t\t<div class=\"elementor-widget-container\">\n\t\t\t\t\t<h4 class=\"elementor-heading-title elementor-size-default\">Descubra as vantagens da individualiza\u00e7\u00e3o de \u00e1gua e g\u00e1s<\/h4>\t\t\t\t<\/div>\n\t\t\t\t<\/div>\n\t\t\t\t<\/div>\n\t\t<div class=\"elementor-element elementor-element-1f51abc e-con-full e-flex e-con e-child\" data-id=\"1f51abc\" data-element_type=\"container\" data-e-type=\"container\">\n\t\t\t\t<div class=\"elementor-element elementor-element-483de23 elementor-view-stacked animated-fast elementor-shape-circle elementor-invisible elementor-widget elementor-widget-global elementor-global-3518 elementor-widget-icon\" data-id=\"483de23\" data-element_type=\"widget\" data-e-type=\"widget\" data-settings=\"{&quot;_animation&quot;:&quot;zoomIn&quot;,&quot;_animation_delay&quot;:50}\" data-widget_type=\"icon.default\">\n\t\t\t\t<div class=\"elementor-widget-container\">\n\t\t\t\t\t\t\t<div class=\"elementor-icon-wrapper\">\n\t\t\t<div class=\"elementor-icon\">\n\t\t\t<i aria-hidden=\"true\" class=\"vamtamtheme- vamtam-theme-arrow-link-up\"><\/i>\t\t\t<\/div>\n\t\t<\/div>\n\t\t\t\t\t\t<\/div>\n\t\t\t\t<\/div>\n\t\t\t\t<\/div>\n\t\t\t\t\t<\/div>\n\t\t\t\t<\/a>\n\t\t\t\t<\/div>\n\t\t<style id=\"loop-dynamic-2621\">.e-loop-item-2730 .elementor-element.elementor-element-1004e19:not(.elementor-motion-effects-element-type-background), .e-loop-item-2730 .elementor-element.elementor-element-1004e19 > .elementor-motion-effects-container > .elementor-motion-effects-layer{background-image:url(\"https:\/\/waterpro.com.br\/wp-content\/uploads\/2025\/02\/not-economia-agua.webp\");}<\/style>\t\t<div data-elementor-type=\"loop-item\" data-elementor-id=\"2621\" class=\"elementor elementor-2621 e-loop-item e-loop-item-2730 post-2730 post type-post status-publish format-standard has-post-thumbnail hentry category-economia tag-agua tag-economia tag-water-pro\" data-elementor-post-type=\"elementor_library\" data-custom-edit-handle=\"1\">\n\t\t\t<a class=\"elementor-element elementor-element-0fc0358 vamtam-icon-hover-parent e-flex e-con-boxed e-con e-parent\" data-id=\"0fc0358\" data-element_type=\"container\" data-e-type=\"container\" data-settings=\"{&quot;background_background&quot;:&quot;classic&quot;}\" href=\"https:\/\/waterpro.com.br\/index.php\/2025\/09\/15\/uso-racional-da-agua\/\">\n\t\t\t\t\t<div class=\"e-con-inner\">\n\t\t<div class=\"elementor-element elementor-element-85d77b4 e-con-full e-flex e-con e-child\" data-id=\"85d77b4\" data-element_type=\"container\" data-e-type=\"container\">\n\t\t<div class=\"elementor-element elementor-element-1004e19 e-con-full e-flex e-con e-child\" data-id=\"1004e19\" data-element_type=\"container\" data-e-type=\"container\" data-settings=\"{&quot;background_background&quot;:&quot;classic&quot;}\">\n\t\t\t\t<\/div>\n\t\t\t\t<div class=\"elementor-element elementor-element-cf779c7 elementor-widget elementor-widget-post-info\" data-id=\"cf779c7\" data-element_type=\"widget\" data-e-type=\"widget\" data-widget_type=\"post-info.default\">\n\t\t\t\t<div class=\"elementor-widget-container\">\n\t\t\t\t\t\t\t<ul class=\"elementor-inline-items elementor-icon-list-items elementor-post-info\">\n\t\t\t\t\t\t\t\t<li class=\"elementor-icon-list-item elementor-repeater-item-1524b1e elementor-inline-item\" itemprop=\"about\">\n\t\t\t\t\t\t\t\t\t\t\t\t\t<span class=\"elementor-icon-list-text elementor-post-info__item elementor-post-info__item--type-terms\">\n\t\t\t\t\t\t\t\t\t\t<span class=\"elementor-post-info__terms-list\">\n\t\t\t\t<span class=\"elementor-post-info__terms-list-item\">Economia<\/span>\t\t\t\t<\/span>\n\t\t\t\t\t<\/span>\n\t\t\t\t\t\t\t\t<\/li>\n\t\t\t\t<\/ul>\n\t\t\t\t\t\t<\/div>\n\t\t\t\t<\/div>\n\t\t\t\t<div class=\"elementor-element elementor-element-118065b elementor-widget elementor-widget-theme-post-title elementor-page-title elementor-widget-heading\" data-id=\"118065b\" data-element_type=\"widget\" data-e-type=\"widget\" data-widget_type=\"theme-post-title.default\">\n\t\t\t\t<div class=\"elementor-widget-container\">\n\t\t\t\t\t<h4 class=\"elementor-heading-title elementor-size-default\">Uso Racional da \u00c1gua<\/h4>\t\t\t\t<\/div>\n\t\t\t\t<\/div>\n\t\t\t\t<\/div>\n\t\t<div class=\"elementor-element elementor-element-1f51abc e-con-full e-flex e-con e-child\" data-id=\"1f51abc\" data-element_type=\"container\" data-e-type=\"container\">\n\t\t\t\t<div class=\"elementor-element elementor-element-483de23 elementor-view-stacked animated-fast elementor-shape-circle elementor-invisible elementor-widget elementor-widget-global elementor-global-3518 elementor-widget-icon\" data-id=\"483de23\" data-element_type=\"widget\" data-e-type=\"widget\" data-settings=\"{&quot;_animation&quot;:&quot;zoomIn&quot;,&quot;_animation_delay&quot;:50}\" data-widget_type=\"icon.default\">\n\t\t\t\t<div class=\"elementor-widget-container\">\n\t\t\t\t\t\t\t<div class=\"elementor-icon-wrapper\">\n\t\t\t<div class=\"elementor-icon\">\n\t\t\t<i aria-hidden=\"true\" class=\"vamtamtheme- vamtam-theme-arrow-link-up\"><\/i>\t\t\t<\/div>\n\t\t<\/div>\n\t\t\t\t\t\t<\/div>\n\t\t\t\t<\/div>\n\t\t\t\t<\/div>\n\t\t\t\t\t<\/div>\n\t\t\t\t<\/a>\n\t\t\t\t<\/div>\n\t\t\t\t<\/div>\n\t\t\t\t\t<span class=\"e-load-more-spinner\">\n\t\t\t\t<svg aria-hidden=\"true\" class=\"e-font-icon-svg e-fas-spinner\" viewBox=\"0 0 512 512\" xmlns=\"http:\/\/www.w3.org\/2000\/svg\"><path d=\"M304 48c0 26.51-21.49 48-48 48s-48-21.49-48-48 21.49-48 48-48 48 21.49 48 48zm-48 368c-26.51 0-48 21.49-48 48s21.49 48 48 48 48-21.49 48-48-21.49-48-48-48zm208-208c-26.51 0-48 21.49-48 48s21.49 48 48 48 48-21.49 48-48-21.49-48-48-48zM96 256c0-26.51-21.49-48-48-48S0 229.49 0 256s21.49 48 48 48 48-21.49 48-48zm12.922 99.078c-26.51 0-48 21.49-48 48s21.49 48 48 48 48-21.49 48-48c0-26.509-21.491-48-48-48zm294.156 0c-26.51 0-48 21.49-48 48s21.49 48 48 48 48-21.49 48-48c0-26.509-21.49-48-48-48zM108.922 60.922c-26.51 0-48 21.49-48 48s21.49 48 48 48 48-21.49 48-48-21.491-48-48-48z\"><\/path><\/svg>\t\t\t<\/span>\n\t\t\n\t\t\t\t\t\t<\/div>\n\t\t\t\t<\/div>\n\t\t\t\t\t<\/div>\n\t\t\t\t<\/div>\n\t\t\t\t<\/div>\n\t\t","protected":false},"excerpt":{"rendered":"<p>Not\u00edcias Fique por dentro Acompanhe as not\u00edcias do setor e aprenda mais sobre economia de \u00e1gua e muito mais<\/p>\n","protected":false},"author":1,"featured_media":0,"parent":0,"menu_order":0,"comment_status":"closed","ping_status":"closed","template":"elementor_header_footer","meta":{"footnotes":""},"class_list":["post-856","page","type-page","status-publish","hentry"],"_links":{"self":[{"href":"https:\/\/waterpro.com.br\/index.php\/wp-json\/wp\/v2\/pages\/856","targetHints":{"allow":["GET"]}}],"collection":[{"href":"https:\/\/waterpro.com.br\/index.php\/wp-json\/wp\/v2\/pages"}],"about":[{"href":"https:\/\/waterpro.com.br\/index.php\/wp-json\/wp\/v2\/types\/page"}],"author":[{"embeddable":true,"href":"https:\/\/waterpro.com.br\/index.php\/wp-json\/wp\/v2\/users\/1"}],"replies":[{"embeddable":true,"href":"https:\/\/waterpro.com.br\/index.php\/wp-json\/wp\/v2\/comments?post=856"}],"version-history":[{"count":6,"href":"https:\/\/waterpro.com.br\/index.php\/wp-json\/wp\/v2\/pages\/856\/revisions"}],"predecessor-version":[{"id":988029,"href":"https:\/\/waterpro.com.br\/index.php\/wp-json\/wp\/v2\/pages\/856\/revisions\/988029"}],"wp:attachment":[{"href":"https:\/\/waterpro.com.br\/index.php\/wp-json\/wp\/v2\/media?parent=856"}],"curies":[{"name":"wp","href":"https:\/\/api.w.org\/{rel}","templated":true}]}}