{"id":52,"date":"2025-02-13T14:25:15","date_gmt":"2025-02-13T14:25:15","guid":{"rendered":"https:\/\/finovate.vamtam.com\/?page_id=52"},"modified":"2025-09-25T11:28:39","modified_gmt":"2025-09-25T14:28:39","slug":"clientes","status":"publish","type":"page","link":"https:\/\/waterpro.com.br\/index.php\/clientes\/","title":{"rendered":"Clientes"},"content":{"rendered":"\t\t<div data-elementor-type=\"wp-page\" data-elementor-id=\"52\" class=\"elementor elementor-52\" data-elementor-post-type=\"page\">\n\t\t\t\t<div class=\"elementor-element elementor-element-28dbad5 e-flex e-con-boxed e-con e-parent\" data-id=\"28dbad5\" data-element_type=\"container\" data-e-type=\"container\" data-settings=\"{&quot;background_background&quot;:&quot;gradient&quot;}\">\n\t\t\t\t\t<div class=\"e-con-inner\">\n\t\t\t\t<div class=\"elementor-element elementor-element-8441cf4 elementor-widget__width-auto animated-fast elementor-invisible elementor-widget elementor-widget-heading\" data-id=\"8441cf4\" data-element_type=\"widget\" data-e-type=\"widget\" data-settings=\"{&quot;_animation&quot;:&quot;fadeIn&quot;,&quot;_animation_delay&quot;:50}\" data-widget_type=\"heading.default\">\n\t\t\t\t<div class=\"elementor-widget-container\">\n\t\t\t\t\t<div class=\"elementor-heading-title elementor-size-default\">casos de sucesso<\/div>\t\t\t\t<\/div>\n\t\t\t\t<\/div>\n\t\t\t\t<div class=\"elementor-element elementor-element-dcb442e animated-fast elementor-invisible elementor-widget elementor-widget-heading\" data-id=\"dcb442e\" data-element_type=\"widget\" data-e-type=\"widget\" data-settings=\"{&quot;_animation&quot;:&quot;fadeIn&quot;}\" data-widget_type=\"heading.default\">\n\t\t\t\t<div class=\"elementor-widget-container\">\n\t\t\t\t\t<h1 class=\"elementor-heading-title elementor-size-default\">Confira nossos <span class=\"color-accent-4\">Clientes<\/span><\/h1>\t\t\t\t<\/div>\n\t\t\t\t<\/div>\n\t\t\t\t\t<\/div>\n\t\t\t\t<\/div>\n\t\t<div class=\"elementor-element elementor-element-aa8646e e-con-full e-flex e-con e-parent\" data-id=\"aa8646e\" data-element_type=\"container\" data-e-type=\"container\">\n\t\t\t\t<div class=\"elementor-element elementor-element-ce57fd9 elementor-widget-divider--view-line elementor-widget elementor-widget-divider\" data-id=\"ce57fd9\" data-element_type=\"widget\" data-e-type=\"widget\" data-widget_type=\"divider.default\">\n\t\t\t\t<div class=\"elementor-widget-container\">\n\t\t\t\t\t\t\t<div class=\"elementor-divider\">\n\t\t\t<span class=\"elementor-divider-separator\">\n\t\t\t\t\t\t<\/span>\n\t\t<\/div>\n\t\t\t\t\t\t<\/div>\n\t\t\t\t<\/div>\n\t\t<div class=\"elementor-element elementor-element-5c6300c e-con-full e-flex e-con e-child\" data-id=\"5c6300c\" data-element_type=\"container\" data-e-type=\"container\" data-settings=\"{&quot;background_background&quot;:&quot;classic&quot;}\">\n\t\t<a class=\"elementor-element elementor-element-da56ea3 e-con-full e-flex e-con e-child\" data-id=\"da56ea3\" data-element_type=\"container\" data-e-type=\"container\" href=\"https:\/\/www.google.com\/search?sca_esv=35aba76f9e0fd39c&#038;tbm=lcl&#038;sxsrf=AHTn8zo6o6HbjDnJ7M4wEIDwZj3ucEryAg:1741000846277&#038;q=Wharton+Wealth+Planning+Reviews&#038;rflfq=1&#038;num=20&#038;stick=H4sIAAAAAAAAAONgkxIxtDCwMDY3tzS0MDQxMbUwN7EwMNnAyPiKUT48I7GoJD9PITw1MackQyEgJzEvLzMvXSEotSwztbx4ESshFQCDmq2jXwAAAA&#038;rldimm=18083779181445874804&#038;hl=en-GR&#038;sa=X&#038;ved=2ahUKEwikyPvH5e2LAxV2gf0HHQiaKwUQ9fQKegQIVRAF&#038;biw=1718&#038;bih=1270&#038;dpr=1#lkt=LocalPoiReviews\" target=\"_blank\">\n\t\t\t\t<div class=\"elementor-element elementor-element-1804b46 elementor-view-default elementor-widget elementor-widget-icon\" data-id=\"1804b46\" data-element_type=\"widget\" data-e-type=\"widget\" data-widget_type=\"icon.default\">\n\t\t\t\t<div class=\"elementor-widget-container\">\n\t\t\t\t\t\t\t<div class=\"elementor-icon-wrapper\">\n\t\t\t<div class=\"elementor-icon\">\n\t\t\t<svg aria-hidden=\"true\" class=\"e-font-icon-svg e-fas-star\" viewBox=\"0 0 576 512\" xmlns=\"http:\/\/www.w3.org\/2000\/svg\"><path d=\"M259.3 17.8L194 150.2 47.9 171.5c-26.2 3.8-36.7 36.1-17.7 54.6l105.7 103-25 145.5c-4.5 26.3 23.2 46 46.4 33.7L288 439.6l130.7 68.7c23.2 12.2 50.9-7.4 46.4-33.7l-25-145.5 105.7-103c19-18.5 8.5-50.8-17.7-54.6L382 150.2 316.7 17.8c-11.7-23.6-45.6-23.9-57.4 0z\"><\/path><\/svg>\t\t\t<\/div>\n\t\t<\/div>\n\t\t\t\t\t\t<\/div>\n\t\t\t\t<\/div>\n\t\t\t\t<div class=\"elementor-element elementor-element-55afcb0 elementor-view-default elementor-widget elementor-widget-icon\" data-id=\"55afcb0\" data-element_type=\"widget\" data-e-type=\"widget\" data-widget_type=\"icon.default\">\n\t\t\t\t<div class=\"elementor-widget-container\">\n\t\t\t\t\t\t\t<div class=\"elementor-icon-wrapper\">\n\t\t\t<div class=\"elementor-icon\">\n\t\t\t<svg aria-hidden=\"true\" class=\"e-font-icon-svg e-fas-star\" viewBox=\"0 0 576 512\" xmlns=\"http:\/\/www.w3.org\/2000\/svg\"><path d=\"M259.3 17.8L194 150.2 47.9 171.5c-26.2 3.8-36.7 36.1-17.7 54.6l105.7 103-25 145.5c-4.5 26.3 23.2 46 46.4 33.7L288 439.6l130.7 68.7c23.2 12.2 50.9-7.4 46.4-33.7l-25-145.5 105.7-103c19-18.5 8.5-50.8-17.7-54.6L382 150.2 316.7 17.8c-11.7-23.6-45.6-23.9-57.4 0z\"><\/path><\/svg>\t\t\t<\/div>\n\t\t<\/div>\n\t\t\t\t\t\t<\/div>\n\t\t\t\t<\/div>\n\t\t\t\t<div class=\"elementor-element elementor-element-cea16bc elementor-view-default elementor-widget elementor-widget-icon\" data-id=\"cea16bc\" data-element_type=\"widget\" data-e-type=\"widget\" data-widget_type=\"icon.default\">\n\t\t\t\t<div class=\"elementor-widget-container\">\n\t\t\t\t\t\t\t<div class=\"elementor-icon-wrapper\">\n\t\t\t<div class=\"elementor-icon\">\n\t\t\t<svg aria-hidden=\"true\" class=\"e-font-icon-svg e-fas-star\" viewBox=\"0 0 576 512\" xmlns=\"http:\/\/www.w3.org\/2000\/svg\"><path d=\"M259.3 17.8L194 150.2 47.9 171.5c-26.2 3.8-36.7 36.1-17.7 54.6l105.7 103-25 145.5c-4.5 26.3 23.2 46 46.4 33.7L288 439.6l130.7 68.7c23.2 12.2 50.9-7.4 46.4-33.7l-25-145.5 105.7-103c19-18.5 8.5-50.8-17.7-54.6L382 150.2 316.7 17.8c-11.7-23.6-45.6-23.9-57.4 0z\"><\/path><\/svg>\t\t\t<\/div>\n\t\t<\/div>\n\t\t\t\t\t\t<\/div>\n\t\t\t\t<\/div>\n\t\t\t\t<div class=\"elementor-element elementor-element-5acdaaa elementor-view-default elementor-widget elementor-widget-icon\" data-id=\"5acdaaa\" data-element_type=\"widget\" data-e-type=\"widget\" data-widget_type=\"icon.default\">\n\t\t\t\t<div class=\"elementor-widget-container\">\n\t\t\t\t\t\t\t<div class=\"elementor-icon-wrapper\">\n\t\t\t<div class=\"elementor-icon\">\n\t\t\t<svg aria-hidden=\"true\" class=\"e-font-icon-svg e-fas-star\" viewBox=\"0 0 576 512\" xmlns=\"http:\/\/www.w3.org\/2000\/svg\"><path d=\"M259.3 17.8L194 150.2 47.9 171.5c-26.2 3.8-36.7 36.1-17.7 54.6l105.7 103-25 145.5c-4.5 26.3 23.2 46 46.4 33.7L288 439.6l130.7 68.7c23.2 12.2 50.9-7.4 46.4-33.7l-25-145.5 105.7-103c19-18.5 8.5-50.8-17.7-54.6L382 150.2 316.7 17.8c-11.7-23.6-45.6-23.9-57.4 0z\"><\/path><\/svg>\t\t\t<\/div>\n\t\t<\/div>\n\t\t\t\t\t\t<\/div>\n\t\t\t\t<\/div>\n\t\t\t\t<div class=\"elementor-element elementor-element-a506b69 elementor-view-default elementor-widget elementor-widget-icon\" data-id=\"a506b69\" data-element_type=\"widget\" data-e-type=\"widget\" data-widget_type=\"icon.default\">\n\t\t\t\t<div class=\"elementor-widget-container\">\n\t\t\t\t\t\t\t<div class=\"elementor-icon-wrapper\">\n\t\t\t<div class=\"elementor-icon\">\n\t\t\t<svg aria-hidden=\"true\" class=\"e-font-icon-svg e-fas-star\" viewBox=\"0 0 576 512\" xmlns=\"http:\/\/www.w3.org\/2000\/svg\"><path d=\"M259.3 17.8L194 150.2 47.9 171.5c-26.2 3.8-36.7 36.1-17.7 54.6l105.7 103-25 145.5c-4.5 26.3 23.2 46 46.4 33.7L288 439.6l130.7 68.7c23.2 12.2 50.9-7.4 46.4-33.7l-25-145.5 105.7-103c19-18.5 8.5-50.8-17.7-54.6L382 150.2 316.7 17.8c-11.7-23.6-45.6-23.9-57.4 0z\"><\/path><\/svg>\t\t\t<\/div>\n\t\t<\/div>\n\t\t\t\t\t\t<\/div>\n\t\t\t\t<\/div>\n\t\t\t\t<\/a>\n\t\t\t\t<\/div>\n\t\t\t\t<div class=\"elementor-element elementor-element-c8fa766 elementor-widget-divider--view-line elementor-widget elementor-widget-divider\" data-id=\"c8fa766\" data-element_type=\"widget\" data-e-type=\"widget\" data-widget_type=\"divider.default\">\n\t\t\t\t<div class=\"elementor-widget-container\">\n\t\t\t\t\t\t\t<div class=\"elementor-divider\">\n\t\t\t<span class=\"elementor-divider-separator\">\n\t\t\t\t\t\t<\/span>\n\t\t<\/div>\n\t\t\t\t\t\t<\/div>\n\t\t\t\t<\/div>\n\t\t\t\t<\/div>\n\t\t<div class=\"elementor-element elementor-element-ebbf450 e-con-full e-flex e-con e-parent\" data-id=\"ebbf450\" data-element_type=\"container\" data-e-type=\"container\">\n\t\t\t\t<div class=\"elementor-element elementor-element-352ed6e elementor-widget elementor-widget-html\" data-id=\"352ed6e\" data-element_type=\"widget\" data-e-type=\"widget\" data-widget_type=\"html.default\">\n\t\t\t\t<div class=\"elementor-widget-container\">\n\t\t\t\t\t<!DOCTYPE html>\r\n<html lang=\"pt-BR\">\r\n<head>\r\n  <meta charset=\"UTF-8\">\r\n  <meta name=\"viewport\" content=\"width=device-width, initial-scale=1.0\">\r\n  <title>Tabelas de Categorias<\/title>\r\n  <style>\r\n   \r\n\r\n    h2 {\r\n      margin-top: 40px;\r\n      color: #444;\r\n      border-left: 6px solid #ccc;\r\n      padding-left: 10px;\r\n      font-size: 1.3rem;\r\n    }\r\n\r\n    .table-container {\r\n      overflow-x: auto;\r\n      margin-top: 15px;\r\n      box-shadow: 0 3px 10px rgba(0,0,0,0.05);\r\n      border-radius: 8px;\r\n    }\r\n\r\n    table {\r\n      width: 100%;\r\n      border-collapse: collapse;\r\n      background: #fff;\r\n      border-radius: 8px;\r\n      overflow: hidden;\r\n      min-width: 700px; \/* keep wide enough for long addresses *\/\r\n      table-layout: fixed; \/* ensures columns keep same width *\/\r\n    }\r\n\r\n    thead {\r\n      color: #fff;\r\n    }\r\n\r\n    th, td {\r\n      padding: 12px 15px;\r\n      text-align: left;\r\n      vertical-align: top;\r\n      word-wrap: break-word;\r\n    }\r\n\r\n    \/* Fixed column widths for alignment *\/\r\n    th:first-child, td:first-child {\r\n      width: 35%;  \/* Nome \/ Hospital \/ Supermercado *\/\r\n    }\r\n    th:last-child, td:last-child {\r\n      width: 65%;  \/* Endere\u00e7o \/ Cidade *\/\r\n    }\r\n\r\n    tbody tr:nth-child(even) {\r\n      background: #f2f2f2;\r\n    }\r\n\r\n    tbody tr:hover {\r\n      background: #eafbea;\r\n      transition: 0.2s;\r\n    }\r\n\r\n    th {\r\n      font-weight: 600;\r\n    }\r\n\r\n    \/* Random header colors per category *\/\r\n    .condominios thead { background: #2196F3; }    \/* verde *\/\r\n    .hospitais thead   { background: #4CAF50; }    \/* azul *\/\r\n    .hoteis thead      { background: #D364E3; }    \/* roxo *\/\r\n    .supermercados thead { background: #FF9800; }  \/* laranja *\/\r\n\r\n    @media (max-width: 600px) {\r\n      table, thead, tbody, th, td, tr {\r\n        display: block;\r\n      }\r\n      thead {\r\n        display: none;\r\n      }\r\n      tr {\r\n        margin-bottom: 15px;\r\n        border: 1px solid #ddd;\r\n        border-radius: 6px;\r\n        padding: 10px;\r\n      }\r\n      td {\r\n        display: flex;\r\n        justify-content: space-between;\r\n        padding: 8px 10px;\r\n      }\r\n      td::before {\r\n        content: attr(data-label);\r\n        font-weight: bold;\r\n        color: #555;\r\n      }\r\n    }\r\n  <\/style>\r\n<\/head>\r\n<body>\r\n\r\n  <h2>Condom\u00ednios<\/h2>\r\n  <div class=\"table-container\">\r\n    <table class=\"condominios\">\r\n      <thead>\r\n        <tr>\r\n          <th>Nome<\/th>\r\n          <th>Endere\u00e7o<\/th>\r\n        <\/tr>\r\n      <\/thead>\r\n      <tbody>\r\n        <tr><td data-label=\"Nome\">EDIF\u00cdCIO PERDIZES TOWER<\/td><td data-label=\"Endere\u00e7o\">Rua Monte Alegre, 428 \u2013 S\u00e3o Paulo<\/td><\/tr>\r\n        <tr><td>EDIF\u00cdCIO PARQUE AVENIDA<\/td><td>Avenida Paulista, 1776 \u2013 S\u00e3o Paulo<\/td><\/tr>\r\n        <tr><td>EDIF\u00cdCIO PEDRO BIAGI<\/td><td>Avenida Paulista, 460 \u2013 S\u00e3o Paulo<\/td><\/tr>\r\n        <tr><td>B 500 \/ EDIF\u00cdCIO BERRINI 500<\/td><td>Pra\u00e7a Jos\u00e9 Lannes, 40 \u2013 Cidade Mon\u00e7\u00f5es - S\u00e3o Paulo<\/td><\/tr>\r\n        <tr><td>CEMG \u2013 TORRE NORTE<\/td><td>Av. Brigadeiro Faria Lima, 1485 \u2013 Jardim Paulistano - S\u00e3o Paulo<\/td><\/tr>\r\n        <tr><td>CEMG \u2013 TORRE SUL<\/td><td>Av. Brigadeiro Faria Lima, 1461 \u2013 Jardim Paulistano - S\u00e3o Paulo<\/td><\/tr>\r\n        <tr><td>CAASP \/ EDIF\u00cdCIO JAYME QUEIROZ LOPES<\/td><td>Rua Benjamin Constant, 75 \u2013 Centro - S\u00e3o Paulo<\/td><\/tr>\r\n        <tr><td>EDIF\u00cdCIO PAULISTA POINT<\/td><td>Alameda Ja\u00fa, 1905 \u2013 Jardins - S\u00e3o Paulo<\/td><\/tr>\r\n        <tr><td>EDIF\u00cdCIO MAISON MONT BLANC<\/td><td>Rua Ferreira de Ara\u00fajo, 516 \u2013 Pinheiros \u2013 S\u00e3o Paulo<\/td><\/tr>\r\n        <tr><td>EDIF\u00cdCIO TANGUARI<\/td><td>Rua Maria Paula, 200 \u2013 Centro - S\u00e3o Paulo<\/td><\/tr>\r\n        <tr><td>EDIF\u00cdCIO KYOEI PAULISTA<\/td><td>Av. Paulista, 467 - Para\u00edso - S\u00e3o Paulo<\/td><\/tr>\r\n        <tr><td>EDIF\u00cdCIO TORRE PAULISTA<\/td><td>Av. Paulista, 949 - Cerqueira C\u00e9sar - S\u00e3o Paulo<\/td><\/tr>\r\n        <tr><td>EDIF\u00cdCIO S\u00c3O LEOPOLDO<\/td><td>Rua Senador Paulo Eg\u00eddio, 72 \u2013 Centro - S\u00e3o Paulo<\/td><\/tr>\r\n        <tr><td>EDIF\u00cdCIO PRA\u00c7A DA BANDEIRA<\/td><td>Rua Santo Antonio, 184 \u2013 Centro - S\u00e3o Paulo<\/td><\/tr>\r\n        <tr><td>EDIF\u00cdCIO CENTRO M\u00c9DICO ANGELICA<\/td><td>Av. Ang\u00e9lica, 916 - Santa Cec\u00edlia - S\u00e3o Paulo<\/td><\/tr>\r\n        <tr><td>EDIF\u00cdCIO S\u00c3O MARCOS<\/td><td>Pra\u00e7a da S\u00e9, 21 \u2013 Centro - S\u00e3o Paulo<\/td><\/tr>\r\n        <tr><td>EDIF\u00cdCIO BRAS\u00cdLIA<\/td><td>Rua Jos\u00e9 Bonif\u00e1cio, 209 \u2013 Centro - S\u00e3o Paulo<\/td><\/tr>\r\n        <tr><td>EDIF\u00cdCIO PAULISTA BOULEVARD<\/td><td>Alameda Santos, 211 \u2013 Para\u00edso - S\u00e3o Paulo<\/td><\/tr>\r\n        <tr><td>EDIF\u00cdCIO JOVIANO DE MORAES<\/td><td>Rua Urussu\u00ed, 300 - Itaim Bibi - S\u00e3o Paulo<\/td><\/tr>\r\n        <tr><td>EDIF\u00cdCIO CONTEMPORANY OFFICE<\/td><td>Rua Eduardo Souza Aranha, 99 - Jd. Paulista - S\u00e3o Paulo<\/td><\/tr>\r\n        <tr><td>EDIF\u00cdCIO DOM PEDRO<\/td><td>Av. Paulista, 171 - Para\u00edso - S\u00e3o Paulo<\/td><\/tr>\r\n        <tr><td>EDIF\u00cdCIO S\u00c3O MIGUEL<\/td><td>Av. Paulista, 967 - S\u00e3o Paulo<\/td><\/tr>\r\n        <tr><td>EDIF\u00cdCIO MARIA JOS\u00c9<\/td><td>Av. Paulista, 326 - S\u00e3o Paulo<\/td><\/tr>\r\n      <\/tbody>\r\n    <\/table>\r\n  <\/div>\r\n\r\n  <h2>Hospitais<\/h2>\r\n  <div class=\"table-container\">\r\n    <table class=\"hospitais\">\r\n      <thead>\r\n        <tr>\r\n          <th>Hospital<\/th>\r\n          <th>Endere\u00e7o<\/th>\r\n        <\/tr>\r\n      <\/thead>\r\n      <tbody>\r\n        <tr><td data-label=\"Hospital\">HOSPITAL CENTRAL - SANTA CASA DE S\u00c3O PAULO<\/td><td data-label=\"Endere\u00e7o\">OSS: Irmandade da Santa Casa de Miseric\u00f3rdia de S\u00e3o Paulo<\/td><\/tr>\r\n        <tr><td>HOSPITAL ESTADUAL DA VILA ALPINA<\/td><td>OSS: SECONCI \u2013 Servi\u00e7o Social da Constru\u00e7\u00e3o Civil de SP<\/td><\/tr>\r\n        <tr><td>HOSPITAL ESTADUAL DE SAPOPEMBA<\/td><td>OSS: SECONCI \u2013 Servi\u00e7o Social da Constru\u00e7\u00e3o Civil de SP<\/td><\/tr>\r\n        <tr><td>HOSPITAL REGIONAL DE COTIA<\/td><td>OSS: SECONCI \u2013 Servi\u00e7o Social da Constru\u00e7\u00e3o Civil de SP<\/td><\/tr>\r\n      <\/tbody>\r\n    <\/table>\r\n  <\/div>\r\n\r\n  <h2>Hot\u00e9is \/ Flats<\/h2>\r\n  <div class=\"table-container\">\r\n    <table class=\"hoteis\">\r\n      <thead>\r\n        <tr>\r\n          <th>Nome<\/th>\r\n          <th>Endere\u00e7o<\/th>\r\n        <\/tr>\r\n      <\/thead>\r\n      <tbody>\r\n        <tr><td data-label=\"Nome\">EDIF\u00cdCIO PAULISTA CLASSIC FLAT<\/td><td data-label=\"Endere\u00e7o\">Rua Bela Cintra, 672 \u2013 Consola\u00e7\u00e3o - S\u00e3o Paulo<\/td><\/tr>\r\n        <tr><td>EDIF\u00cdCIO SAINT CHARBEL<\/td><td>Rua Barata Ribeiro, 205 - Bela Vista - S\u00e3o Paulo<\/td><\/tr>\r\n        <tr><td>EDIF\u00cdCIO CRILLON<\/td><td>Rua Haddock Lobo, 705 \u2013 Jardins - S\u00e3o Paulo<\/td><\/tr>\r\n      <\/tbody>\r\n    <\/table>\r\n  <\/div>\r\n\r\n  <h2>Supermercados<\/h2>\r\n  <div class=\"table-container\">\r\n    <table class=\"supermercados\">\r\n      <thead>\r\n        <tr>\r\n          <th>Supermercado<\/th>\r\n          <th>Endere\u00e7o<\/th>\r\n        <\/tr>\r\n      <\/thead>\r\n      <tbody>\r\n        <tr><td data-label=\"Supermercado\">CARREFOUR<\/td><td data-label=\"Endere\u00e7o\">S\u00e3o Bernardo do Campo<\/td><\/tr>\r\n        <tr><td>CARREFOUR<\/td><td>Santo Andr\u00e9<\/td><\/tr>\r\n        <tr><td>CARREFOUR<\/td><td>Jacu P\u00eassego<\/td><\/tr>\r\n      <\/tbody>\r\n    <\/table>\r\n  <\/div>\r\n\r\n<\/body>\r\n<\/html>\r\n\t\t\t\t<\/div>\n\t\t\t\t<\/div>\n\t\t\t\t<\/div>\n\t\t\t\t<\/div>\n\t\t","protected":false},"excerpt":{"rendered":"<p>Confira os clientes Water Pro<\/p>\n","protected":false},"author":1,"featured_media":0,"parent":0,"menu_order":0,"comment_status":"closed","ping_status":"closed","template":"elementor_header_footer","meta":{"footnotes":""},"class_list":["post-52","page","type-page","status-publish","hentry"],"_links":{"self":[{"href":"https:\/\/waterpro.com.br\/index.php\/wp-json\/wp\/v2\/pages\/52","targetHints":{"allow":["GET"]}}],"collection":[{"href":"https:\/\/waterpro.com.br\/index.php\/wp-json\/wp\/v2\/pages"}],"about":[{"href":"https:\/\/waterpro.com.br\/index.php\/wp-json\/wp\/v2\/types\/page"}],"author":[{"embeddable":true,"href":"https:\/\/waterpro.com.br\/index.php\/wp-json\/wp\/v2\/users\/1"}],"replies":[{"embeddable":true,"href":"https:\/\/waterpro.com.br\/index.php\/wp-json\/wp\/v2\/comments?post=52"}],"version-history":[{"count":21,"href":"https:\/\/waterpro.com.br\/index.php\/wp-json\/wp\/v2\/pages\/52\/revisions"}],"predecessor-version":[{"id":988060,"href":"https:\/\/waterpro.com.br\/index.php\/wp-json\/wp\/v2\/pages\/52\/revisions\/988060"}],"wp:attachment":[{"href":"https:\/\/waterpro.com.br\/index.php\/wp-json\/wp\/v2\/media?parent=52"}],"curies":[{"name":"wp","href":"https:\/\/api.w.org\/{rel}","templated":true}]}}